{"id":205,"date":"2023-02-19T20:43:01","date_gmt":"2023-02-19T20:43:01","guid":{"rendered":"https:\/\/biegkolarski.pl\/index.php\/zapowiedz-6\/"},"modified":"2026-01-20T23:10:50","modified_gmt":"2026-01-20T23:10:50","slug":"zapowiedz-6","status":"publish","type":"page","link":"https:\/\/biegkolarski.pl\/index.php\/zapowiedz-6\/","title":{"rendered":"WYNIKI"},"content":{"rendered":"<div id=\"cs-content\" class=\"cs-content\"><div class=\"x-section e205-e1 m5p-0\"><div class=\"x-row x-container max width e205-e2 m5p-2 m5p-3 m5p-4\"><div class=\"x-row-inner\"><div class=\"x-col e205-e3 m5p-7\"><div class=\"x-card is-flip-left has-not-flipped e205-e4 m5p-8 m5p-1\" data-x-element-card=\"\"><div class=\"x-card-faces\"><div class=\"x-card-face is-front\"><div class=\"x-text x-text-headline m5p-a m5p-b\"><div class=\"x-text-content\"><div class=\"x-text-content-text\"><h1 class=\"x-text-content-text-primary\">Kmicic Kolarz\u00f3wka 92km<\/h1>\n<\/div><\/div><\/div><\/div><div class=\"x-card-face is-back\"><a href=\"https:\/\/biegkolarski.pl\/index.php\/wyniki_kmicic_92km\/\" class=\"x-text x-text-headline m5p-a m5p-c\"><div class=\"x-text-content\"><div class=\"x-text-content-text\"><h1 class=\"x-text-content-text-primary\">Kmicic Kolarz\u00f3wka 92km<\/h1>\n<\/div><\/div><\/a><a class=\"x-anchor x-anchor-button m5p-9\" tabindex=\"0\" href=\"https:\/\/biegkolarski.pl\/index.php\/wyniki_kmicic_92km\/\"><div class=\"x-anchor-content\"><div class=\"x-anchor-text\"><span class=\"x-anchor-text-primary\">ZOBACZ<\/span><\/div><\/div><\/a><\/div><\/div><\/div><\/div><div class=\"x-col e205-e5 m5p-7\"><div class=\"x-card is-flip-left has-not-flipped e205-e6 m5p-8 m5p-1\" data-x-element-card=\"\"><div class=\"x-card-faces\"><div class=\"x-card-face is-front\"><div class=\"x-text x-text-headline m5p-a m5p-b\"><div class=\"x-text-content\"><div class=\"x-text-content-text\"><h1 class=\"x-text-content-text-primary\">Jagienka Kolarz\u00f3wka 46km<\/h1>\n<\/div><\/div><\/div><\/div><div class=\"x-card-face is-back\"><a href=\"https:\/\/biegkolarski.pl\/index.php\/wyniki_jagienka_46km\/\" class=\"x-text x-text-headline m5p-a m5p-c\"><div class=\"x-text-content\"><div class=\"x-text-content-text\"><h1 class=\"x-text-content-text-primary\">Jagienka Kolarz\u00f3wka 46km<\/h1>\n<\/div><\/div><\/a><a class=\"x-anchor x-anchor-button m5p-9\" tabindex=\"0\" href=\"https:\/\/biegkolarski.pl\/index.php\/wyniki_jagienka_46km\/\"><div class=\"x-anchor-content\"><div class=\"x-anchor-text\"><span class=\"x-anchor-text-primary\">ZOBACZ<\/span><\/div><\/div><\/a><\/div><\/div><\/div><\/div><\/div><\/div><div class=\"x-row x-container max width e205-e7 m5p-2 m5p-3 m5p-5\"><div class=\"x-row-inner\"><div class=\"x-col e205-e8 m5p-7\"><div class=\"x-card is-flip-left has-not-flipped e205-e9 m5p-8 m5p-1\" data-x-element-card=\"\"><div class=\"x-card-faces\"><div class=\"x-card-face is-front\"><div class=\"x-text x-text-headline m5p-a m5p-b\"><div class=\"x-text-content\"><div class=\"x-text-content-text\"><h1 class=\"x-text-content-text-primary\">Zag\u0142oba Kolarz\u00f3wka 46km<\/h1>\n<\/div><\/div><\/div><\/div><div class=\"x-card-face is-back\"><a href=\"https:\/\/biegkolarski.pl\/index.php\/wyniki_zagloba_k_46km\/\" class=\"x-text x-text-headline m5p-a m5p-c\"><div class=\"x-text-content\"><div class=\"x-text-content-text\"><h1 class=\"x-text-content-text-primary\">Zag\u0142oba Kolarz\u00f3wka 46km<\/h1>\n<\/div><\/div><\/a><a class=\"x-anchor x-anchor-button m5p-9\" tabindex=\"0\" href=\"https:\/\/biegkolarski.pl\/index.php\/wyniki_zagloba_k_46km\/\"><div class=\"x-anchor-content\"><div class=\"x-anchor-text\"><span class=\"x-anchor-text-primary\">ZOBACZ<\/span><\/div><\/div><\/a><\/div><\/div><\/div><\/div><div class=\"x-col e205-e10 m5p-7\"><div class=\"x-card is-flip-left has-not-flipped e205-e11 m5p-8 m5p-1\" data-x-element-card=\"\"><div class=\"x-card-faces\"><div class=\"x-card-face is-front\"><div class=\"x-text x-text-headline m5p-a m5p-b\"><div class=\"x-text-content\"><div class=\"x-text-content-text\"><h1 class=\"x-text-content-text-primary\">Zag\u0142oba Rower&nbsp;inny 46km<\/h1>\n<\/div><\/div><\/div><\/div><div class=\"x-card-face is-back\"><a href=\"https:\/\/biegkolarski.pl\/index.php\/wyniki_zagloba_ri_46km\/\" class=\"x-text x-text-headline m5p-a m5p-c\"><div class=\"x-text-content\"><div class=\"x-text-content-text\"><h1 class=\"x-text-content-text-primary\">Zag\u0142oba Rower&nbsp;inny 46km<\/h1>\n<\/div><\/div><\/a><a class=\"x-anchor x-anchor-button m5p-9\" tabindex=\"0\" href=\"https:\/\/biegkolarski.pl\/index.php\/wyniki_zagloba_ri_46km\/\"><div class=\"x-anchor-content\"><div class=\"x-anchor-text\"><span class=\"x-anchor-text-primary\">ZOBACZ<\/span><\/div><\/div><\/a><\/div><\/div><\/div><\/div><\/div><\/div><div class=\"x-row x-container max width e205-e12 m5p-2 m5p-3 m5p-6\"><div class=\"x-row-inner\"><div class=\"x-col e205-e13 m5p-7\"><div class=\"x-card is-flip-left has-not-flipped e205-e14 m5p-8 m5p-1\" data-x-element-card=\"\"><div class=\"x-card-faces\"><div class=\"x-card-face is-front\"><div class=\"x-text x-text-headline m5p-a m5p-b\"><div class=\"x-text-content\"><div class=\"x-text-content-text\"><h1 class=\"x-text-content-text-primary\">HISTORYCZNE<\/h1>\n<\/div><\/div><\/div><\/div><div class=\"x-card-face is-back\"><a href=\"https:\/\/biegkolarski.pl\/index.php\/historyczne\/\" class=\"x-text x-text-headline m5p-a m5p-c\"><div class=\"x-text-content\"><div class=\"x-text-content-text\"><h1 class=\"x-text-content-text-primary\">HISTORYCZNE<\/h1>\n<span class=\"x-text-content-text-subheadline\">Wyniki z poprzednich edycji wy\u015bcigu<\/span><\/div><\/div><\/a><a class=\"x-anchor x-anchor-button m5p-9\" tabindex=\"0\" href=\"https:\/\/biegkolarski.pl\/index.php\/historyczne\/\"><div class=\"x-anchor-content\"><div class=\"x-anchor-text\"><span class=\"x-anchor-text-primary\">ZOBACZ<\/span><\/div><\/div><\/a><\/div><\/div><\/div><\/div><\/div><\/div><\/div><\/div>\n","protected":false},"excerpt":{"rendered":"<p>Kmicic Kolarz\u00f3wka 92km Kmicic Kolarz\u00f3wka 92km ZOBACZJagienka Kolarz\u00f3wka 46km Jagienka Kolarz\u00f3wka 46km ZOBACZZag\u0142oba Kolarz\u00f3wka 46km Zag\u0142oba Kolarz\u00f3wka 46km ZOBACZZag\u0142oba Rower&nbsp;inny 46km Zag\u0142oba Rower&nbsp;inny 46km ZOBACZHISTORYCZNE HISTORYCZNE Wyniki z poprzednich edycji wy\u015bciguZOBACZ<\/p>\n","protected":false},"author":1,"featured_media":0,"parent":0,"menu_order":0,"comment_status":"closed","ping_status":"closed","template":"template-blank-4.php","meta":{"_acf_changed":false,"footnotes":""},"class_list":["post-205","page","type-page","status-publish","hentry","no-post-thumbnail"],"acf":[],"_links":{"self":[{"href":"https:\/\/biegkolarski.pl\/index.php\/wp-json\/wp\/v2\/pages\/205","targetHints":{"allow":["GET"]}}],"collection":[{"href":"https:\/\/biegkolarski.pl\/index.php\/wp-json\/wp\/v2\/pages"}],"about":[{"href":"https:\/\/biegkolarski.pl\/index.php\/wp-json\/wp\/v2\/types\/page"}],"author":[{"embeddable":true,"href":"https:\/\/biegkolarski.pl\/index.php\/wp-json\/wp\/v2\/users\/1"}],"replies":[{"embeddable":true,"href":"https:\/\/biegkolarski.pl\/index.php\/wp-json\/wp\/v2\/comments?post=205"}],"version-history":[{"count":7,"href":"https:\/\/biegkolarski.pl\/index.php\/wp-json\/wp\/v2\/pages\/205\/revisions"}],"predecessor-version":[{"id":790,"href":"https:\/\/biegkolarski.pl\/index.php\/wp-json\/wp\/v2\/pages\/205\/revisions\/790"}],"wp:attachment":[{"href":"https:\/\/biegkolarski.pl\/index.php\/wp-json\/wp\/v2\/media?parent=205"}],"curies":[{"name":"wp","href":"https:\/\/api.w.org\/{rel}","templated":true}]}}