{"id":168,"date":"2023-02-19T20:37:05","date_gmt":"2023-02-19T20:37:05","guid":{"rendered":"https:\/\/biegkolarski.pl\/?page_id=168"},"modified":"2026-01-20T22:38:25","modified_gmt":"2026-01-20T22:38:25","slug":"historia","status":"publish","type":"page","link":"https:\/\/biegkolarski.pl\/index.php\/historia\/","title":{"rendered":"HISTORIA"},"content":{"rendered":"<div id=\"cs-content\" class=\"cs-content\"><div class=\"x-section e168-e1 m4o-0 m4o-1\"><div class=\"x-row x-container max width e168-e2 m4o-3 m4o-4 m4o-6 m4o-7\"><div class=\"x-row-inner\"><div class=\"x-col e168-e3 m4o-p m4o-q\"><div class=\"x-text x-content e168-e4 m4o-s m4o-t m4o-u\"><p>Henryk Sienkiewicz i cyklizm<\/p><\/div><\/div><\/div><\/div><div class=\"x-row x-container max width e168-e5 m4o-3 m4o-5 m4o-6 m4o-8\"><div class=\"x-row-inner\"><div class=\"x-col e168-e6 m4o-p m4o-r\"><div class=\"x-text x-content e168-e7 m4o-s m4o-u m4o-v\"><p><strong>Honorowy Cz\u0142onek Warszawskiego Towarzystwa Cyklist&oacute;w |<br \/>30 maj 1897<\/strong><\/p><\/div><\/div><div class=\"x-col e168-e8 m4o-p m4o-r\"><span class=\"x-image e168-e9 m4o-x m4o-y\"><img decoding=\"async\" src=\"https:\/\/biegkolarski.pl\/wp-content\/uploads\/2023\/02\/sienkiewicz.jpg\" width=\"573\" height=\"287\" alt=\"Image\" loading=\"lazy\"><\/span><\/div><\/div><\/div><div class=\"x-row x-container max width e168-e10 m4o-3 m4o-5 m4o-6 m4o-9\"><div class=\"x-row-inner\"><div class=\"x-col e168-e11 m4o-p m4o-r\"><div class=\"x-text x-content e168-e12 m4o-s m4o-u m4o-v\"><div>&nbsp;<\/div>\n<div>&bdquo;Rower wymaga t\u0119gich mi\u0119\u015bni, a wyrabia przytomno\u015b\u0107 umys\u0142u, odwag\u0119 i dzielno\u015b\u0107, nie m&oacute;wi\u0105c ju\u017c o tem, \u017ce stowarzysza ludzi i wytwarza w nich przymioty zbiorowe, po\u017c\u0105dane wsz\u0119dzie, a zw\u0142aszcza u nas.<\/div>\n<div>&nbsp;<\/div>\n<div>Dzi\u0119ki stowarzyszeniom rodzi si\u0119 mi\u0119dzynarodowe wsp&oacute;\u0142zawodnictwo. W imi\u0119 tego wsp&oacute;\u0142zawodnictwa, obowi\u0105zkiem naszych cyklist&oacute;w jest stara\u0107 si\u0119 nie tylko o to by dor&oacute;wna\u0107 Anglikom, Francuzom lub Niemcom, ale by ich z kretesem pobi\u0107.&rdquo;<\/div>\n<div>&nbsp;<\/div>\n<div style=\"text-align: right;\">Henryk Sienkiewicz, 1898r<\/div>\n<div>&nbsp;<\/div>\n<div><em>\u017ar&oacute;d\u0142o: https:\/\/www.muzeumsportu.waw.pl\/muzeum\/bazy-wiedzy\/kalendarium\/474-rok-henryka-sienkiewicza-na-mazowszu<\/em><\/div><\/div><\/div><\/div><\/div><\/div><div class=\"x-section e168-e13 m4o-0 m4o-1\"><div class=\"x-row x-container max width e168-e14 m4o-3 m4o-4 m4o-6 m4o-a\"><div class=\"x-row-inner\"><div class=\"x-col e168-e15 m4o-p m4o-q\"><div class=\"x-text x-content e168-e16 m4o-s m4o-t m4o-u\">Dom Rodzinny Henryka Sienkiewicza \u2013 miasteczko, start \ni meta wy\u015bcigu<\/div><\/div><\/div><\/div><div class=\"x-row x-container max width e168-e17 m4o-3 m4o-5 m4o-6 m4o-b\"><div class=\"x-row-inner\"><div class=\"x-col e168-e18 m4o-p m4o-r\"><span class=\"x-image e168-e19 m4o-x m4o-y\"><img decoding=\"async\" src=\"https:\/\/biegkolarski.pl\/wp-content\/uploads\/2023\/02\/muzeum-768x304-1.jpg\" width=\"768\" height=\"304\" alt=\"Image\" loading=\"lazy\"><\/span><\/div><\/div><\/div><div class=\"x-row x-container max width e168-e20 m4o-3 m4o-5 m4o-6 m4o-c\"><div class=\"x-row-inner\"><div class=\"x-col e168-e21 m4o-p m4o-r\"><div class=\"x-text x-content e168-e22 m4o-s m4o-u m4o-v\"><p><strong>Muzeum Henryka Sienkiewicza w Woli Okrzejskiej utworzone zosta\u0142o w 1966 r. w oficynie dworskiej, w kt&oacute;rej 5 maja 1846r. przyszed\u0142 na \u015bwiat przysz\u0142y Noblista.<\/strong><\/p>\n<p><strong>XIX wieczne za\u0142o\u017cenie dworskie sk\u0142ada\u0142o si\u0119 niegdy\u015b z dw&oacute;ch r&oacute;wnolegle ustawionych do siebie budynk&oacute;w o podobnej bryle architektonicznej i rozmiarach. Otoczone by\u0142o pi\u0119knym parkiem krajobrazowym w stylu angielskim z kt&oacute;rego drzewostan mo\u017cemy podziwia\u0107 do dnia dzisiejszego. Z dawnego zespo\u0142u architektonicznego po II wojnie \u015bwiatowej i p&oacute;\u017aniejszej dewastacji do dzi\u015b przetrwa\u0142a oficyna dworska, odremontowana od podstaw w latach 1965 &ndash; 1966.<\/strong><\/p>\n<p><strong><em>\u017ar&oacute;d\u0142o:&nbsp;https:\/\/www.muzeumsportu.waw.pl\/muzeum\/bazy-wiedzy\/kalendarium\/474-rok-henryka-sienkiewicza-na-mazowszu<\/em><\/strong><\/p><\/div><\/div><\/div><\/div><\/div><div class=\"x-section e168-e23 m4o-0 m4o-2\"><div class=\"x-row x-container max width e168-e24 m4o-3 m4o-4 m4o-6 m4o-d\"><div class=\"x-row-inner\"><div class=\"x-col e168-e25 m4o-p m4o-q\"><div class=\"x-text x-content e168-e26 m4o-s m4o-t m4o-u\">Gmina Krzywda (powiat \u0142ukowski)<\/div><\/div><\/div><\/div><div class=\"x-row x-container max width e168-e27 m4o-3 m4o-5 m4o-6 m4o-e\"><div class=\"x-row-inner\"><div class=\"x-col e168-e28 m4o-p m4o-r\"><div class=\"x-text x-content e168-e29 m4o-s m4o-u m4o-v\"><p><strong>Wojewoda Sandomierski mia\u0142 trzech syn&oacute;w mi\u0119dzy kt&oacute;rych rozdzieli\u0142 sw&oacute;j maj\u0105tek. Najm\u0142odszy Przemko otrzyma\u0142 Wysoczyzn\u0119 \u017belechowsk\u0105.<\/strong><\/p>\n<p><strong>Z otrzymanych ziem nie by\u0142 zadowolony. W czasie podr&oacute;\u017cy do swego maj\u0105tku jedno z ramion herbowego krzy\u017ca u\u0142ama\u0142o si\u0119. Potraktowa\u0142 to jako z\u0142y omen na przysz\u0142o\u015b\u0107.<\/strong><\/p>\n<p><strong>Uwa\u017ca\u0142, \u017ce zosta\u0142 pokrzywdzony przez ojca w czasie podzia\u0142u maj\u0105tku. Prawdopodobnie swej siedzibie nada\u0142 nazw\u0119 &bdquo;Krzywda&rdquo;.<\/strong><\/p>\n<p><strong>Po raz pierwszy nazwa miejscowo\u015bci Krzywda pojawi\u0142a si\u0119 w dokumencie&nbsp;z roku 1598.<\/strong><\/p><\/div><\/div><\/div><\/div><div class=\"x-row x-container max width e168-e30 m4o-3 m4o-5 m4o-6 m4o-f\"><div class=\"x-row-inner\"><div class=\"x-col e168-e31 m4o-p m4o-r\"><span class=\"x-image e168-e32 m4o-x m4o-z\"><img decoding=\"async\" src=\"https:\/\/biegkolarski.pl\/wp-content\/uploads\/2023\/02\/krzywda.png\" width=\"311\" height=\"350\" alt=\"Image\" loading=\"lazy\"><\/span><\/div><\/div><\/div><div class=\"x-row x-container max width e168-e33 m4o-3 m4o-5 m4o-6 m4o-g\"><div class=\"x-row-inner\"><div class=\"x-col e168-e34 m4o-p m4o-r\"><div class=\"x-text x-content e168-e35 m4o-s m4o-v m4o-w\"><p><em><strong>\u017ar&oacute;d\u0142o:&nbsp;http:\/\/www.gminakrzywda.pl<\/strong><\/em><\/p><\/div><\/div><\/div><\/div><\/div><div class=\"x-section e168-e36 m4o-0 m4o-2\"><div class=\"x-row x-container max width e168-e37 m4o-3 m4o-4 m4o-6 m4o-h\"><div class=\"x-row-inner\"><div class=\"x-col e168-e38 m4o-p m4o-q\"><div class=\"x-text x-content e168-e39 m4o-s m4o-t m4o-u\"><p>\u0141uk&oacute;w<\/p><\/div><\/div><\/div><\/div><div class=\"x-row x-container max width e168-e40 m4o-3 m4o-5 m4o-6 m4o-i\"><div class=\"x-row-inner\"><div class=\"x-col e168-e41 m4o-p m4o-r\"><div class=\"x-text x-content e168-e42 m4o-s m4o-u m4o-v\"><p><strong>\u0141uk&oacute;w &ndash; to najstarszy gr&oacute;d \u015brodkowej cz\u0119\u015bci wschodnich kres&oacute;w dawnej Rzeczypospolitej. Po\u0142o\u017cony na szlaku komunikacyjnym wsch&oacute;d-zach&oacute;d stanowi\u0142 wa\u017cny punkt pod wzgl\u0119dem gospodarczo-handlowym, jak te\u017c i strategicznym. S\u0105siedztwo od p&oacute;\u0142nocnego-wschodu z poga\u0144skimi ludami, takimi jak: Jad\u017awingowie, Litwini i Prusowie, a od wschodu chrze\u015bcija\u0144skich Rusin&oacute;w, nara\u017ca\u0142o nasz region na bardzo cz\u0119ste zniszczenia i grabie\u017ce od najdawniejszych czas&oacute;w. W latach p&oacute;\u017aniejszych docierali tu r&oacute;wnie\u017c Tatarzy, Kozacy, w\u0119gierskie wojska Jerzego Rakoczego, pustoszy\u0142y ziemi\u0119 \u0142ukowsk\u0105 oddzia\u0142y rosyjskie, szwedzkie, saskie i pruskie, dawali si\u0119 te\u017c we znaki nawet Francuzi w czasie kampanii napoleo\u0144skiej.<\/strong><\/p>\n<p><strong>Pocz\u0105tki miasta \u0141ukowa gin\u0105 w pomroce dziej&oacute;w, ale poniewa\u017c m&oacute;wi si\u0119 o nim, jako &ldquo;miejscu warownym&ldquo; ju\u017c pod koniec pierwszej po\u0142owy XIII w., mo\u017cna przypuszcza\u0107, \u017ce \u0141uk&oacute;w istnia\u0142 ju\u017c znacznie wcze\u015bniej. W\u0142adcy polscy starali si\u0119 uczyni\u0107 gr&oacute;d umocnionym o\u015brodkiem obronnym dla stawienia skutecznie czo\u0142a naje\u017ad\u017acom, tote\u017c stan\u0105\u0142 tutaj zamek, chocia\u017c drewniany, obsadzony za\u0142og\u0105 wojskow\u0105. Mia\u0142 te\u017c w \u0141ukowie swoj\u0105 siedzib\u0119 kasztelan.<\/strong><\/p>\n<p>Jan Stanis\u0142aw Majewski<strong>, znany przedwojenny regionalista \u0142ukowski, w swojej monografii miasta uzna\u0142 za pierwsz\u0105 wzmiank\u0119 o \u0141ukowie informacj\u0119&nbsp;<\/strong>Jana D\u0142ugosza<strong>, kt&oacute;ry w swej &ldquo;Kronice&rdquo; pisze, i\u017c zdobyty w roku 1233 na Jad\u017awingach Kock zosta\u0142 oddany w zale\u017cno\u015b\u0107 kasztelana \u0142ukowskiego. St\u0105d m.in. w dwudziestoleciu mi\u0119dzywojennym przyj\u0119to rok 1933 jako dat\u0119 obchod&oacute;w 700-lecia m. \u0141ukowa. Nie b\u0119dziemy wnika\u0107 w r&oacute;\u017cne rozprawy historyczne odno\u015bnie szczeg&oacute;\u0142&oacute;w (pono\u0107 zawsze &lsquo;diabe\u0142 w szczeg&oacute;\u0142ach siedzi &hellip;), ale maj\u0105c tamten obch&oacute;d bardzo daleko za sob\u0105, a niedawno w roku 1983 ju\u017c i 750-lecie, poprzesta\u0144my na satysfakcji, \u017ce \u0141uk&oacute;w to bardzo stare miasto.<\/strong><\/p><\/div><\/div><\/div><\/div><div class=\"x-row x-container max width e168-e43 m4o-3 m4o-5 m4o-6 m4o-j\"><div class=\"x-row-inner\"><div class=\"x-col e168-e44 m4o-p m4o-r\"><span class=\"x-image e168-e45 m4o-x m4o-z\"><img decoding=\"async\" src=\"https:\/\/biegkolarski.pl\/wp-content\/uploads\/2023\/02\/luk1-1.jpg\" width=\"781\" height=\"297\" alt=\"Image\" loading=\"lazy\"><\/span><span class=\"x-image e168-e46 m4o-x m4o-z\"><img decoding=\"async\" src=\"https:\/\/biegkolarski.pl\/wp-content\/uploads\/2023\/02\/luk2-1.jpg\" width=\"781\" height=\"297\" alt=\"Image\" loading=\"lazy\"><\/span><span class=\"x-image e168-e47 m4o-x m4o-z\"><img decoding=\"async\" src=\"https:\/\/biegkolarski.pl\/wp-content\/uploads\/2023\/02\/luk3-1.jpg\" width=\"687\" height=\"396\" alt=\"Image\" loading=\"lazy\"><\/span><\/div><\/div><\/div><div class=\"x-row x-container max width e168-e48 m4o-3 m4o-5 m4o-6 m4o-k\"><div class=\"x-row-inner\"><div class=\"x-col e168-e49 m4o-p m4o-r\"><div class=\"x-text x-content e168-e50 m4o-s m4o-v m4o-w\"><p><em><strong>\u017ar&oacute;d\u0142o: www.lukow-historia.pl<\/strong><\/em><\/p><\/div><\/div><\/div><\/div><\/div><div class=\"x-section e168-e51 m4o-0 m4o-2\"><div class=\"x-row x-container max width e168-e52 m4o-3 m4o-4 m4o-6 m4o-l\"><div class=\"x-row-inner\"><div class=\"x-col e168-e53 m4o-p m4o-q\"><div class=\"x-text x-content e168-e54 m4o-s m4o-t m4o-u\">Historia wy\u015bcig\u00f3w kolarskich\nw powiecie \u0142ukowskim<\/div><\/div><\/div><\/div><div class=\"x-row x-container max width e168-e55 m4o-3 m4o-5 m4o-6 m4o-m\"><div class=\"x-row-inner\"><div class=\"x-col e168-e56 m4o-p m4o-r\"><div class=\"x-text x-content e168-e57 m4o-s m4o-v m4o-w\"><p><strong>Mistrzostwa Powiatu \u0141ukowskiego w kolarstwie 11 listopad 1930r<\/strong><\/p><\/div><\/div><\/div><\/div><div class=\"x-row x-container max width e168-e58 m4o-3 m4o-5 m4o-6 m4o-n\"><div class=\"x-row-inner\"><div class=\"x-col e168-e59 m4o-p m4o-r\"><span class=\"x-image e168-e60 m4o-x m4o-z\"><img decoding=\"async\" src=\"https:\/\/biegkolarski.pl\/wp-content\/uploads\/2023\/02\/lukow3.jpg\" width=\"649\" height=\"511\" alt=\"Image\" loading=\"lazy\"><\/span><\/div><\/div><\/div><div class=\"x-row x-container max width e168-e61 m4o-3 m4o-5 m4o-6 m4o-o\"><div class=\"x-row-inner\"><div class=\"x-col e168-e62 m4o-p m4o-r\"><div class=\"x-text x-content e168-e63 m4o-s m4o-v m4o-w\"><p><em><strong>materia\u0142y z archiwum: \u0141uk&oacute;w Historia<\/strong><\/em><\/p><\/div><\/div><\/div><\/div><\/div><\/div>\n","protected":false},"excerpt":{"rendered":"<p>Henryk Sienkiewicz i cyklizmHonorowy Cz\u0142onek Warszawskiego Towarzystwa Cyklist&oacute;w |30 maj 1897&nbsp; &bdquo;Rower wymaga t\u0119gich mi\u0119\u015bni, a wyrabia przytomno\u015b\u0107 umys\u0142u, odwag\u0119 i dzielno\u015b\u0107, nie m&oacute;wi\u0105c ju\u017c o tem, \u017ce stowarzysza ludzi i wytwarza w nich przymioty zbiorowe, po\u017c\u0105dane wsz\u0119dzie, a zw\u0142aszcza u nas. &nbsp; Dzi\u0119ki stowarzyszeniom rodzi si\u0119 mi\u0119dzynarodowe wsp&oacute;\u0142zawodnictwo. W imi\u0119 tego wsp&oacute;\u0142zawodnictwa, obowi\u0105zkiem naszych cyklist&oacute;w jest stara\u0107 si\u0119 nie &#8230;<\/p>\n","protected":false},"author":1,"featured_media":0,"parent":0,"menu_order":0,"comment_status":"closed","ping_status":"closed","template":"template-blank-4.php","meta":{"_acf_changed":false,"footnotes":""},"class_list":["post-168","page","type-page","status-publish","hentry","no-post-thumbnail"],"acf":[],"_links":{"self":[{"href":"https:\/\/biegkolarski.pl\/index.php\/wp-json\/wp\/v2\/pages\/168","targetHints":{"allow":["GET"]}}],"collection":[{"href":"https:\/\/biegkolarski.pl\/index.php\/wp-json\/wp\/v2\/pages"}],"about":[{"href":"https:\/\/biegkolarski.pl\/index.php\/wp-json\/wp\/v2\/types\/page"}],"author":[{"embeddable":true,"href":"https:\/\/biegkolarski.pl\/index.php\/wp-json\/wp\/v2\/users\/1"}],"replies":[{"embeddable":true,"href":"https:\/\/biegkolarski.pl\/index.php\/wp-json\/wp\/v2\/comments?post=168"}],"version-history":[{"count":7,"href":"https:\/\/biegkolarski.pl\/index.php\/wp-json\/wp\/v2\/pages\/168\/revisions"}],"predecessor-version":[{"id":710,"href":"https:\/\/biegkolarski.pl\/index.php\/wp-json\/wp\/v2\/pages\/168\/revisions\/710"}],"wp:attachment":[{"href":"https:\/\/biegkolarski.pl\/index.php\/wp-json\/wp\/v2\/media?parent=168"}],"curies":[{"name":"wp","href":"https:\/\/api.w.org\/{rel}","templated":true}]}}