{"id":138,"date":"2023-02-19T16:20:47","date_gmt":"2023-02-19T16:20:47","guid":{"rendered":"https:\/\/biegkolarski.pl\/?page_id=138"},"modified":"2026-01-20T22:54:18","modified_gmt":"2026-01-20T22:54:18","slug":"harmonogram","status":"publish","type":"page","link":"https:\/\/biegkolarski.pl\/index.php\/harmonogram\/","title":{"rendered":"HARMONOGRAM"},"content":{"rendered":"<div id=\"cs-content\" class=\"cs-content\"><div class=\"x-section e138-e1 m3u-0\"><div class=\"x-row x-container max width e138-e2 m3u-2 m3u-3 m3u-5 m3u-6\"><div class=\"x-row-inner\"><div class=\"x-col e138-e3 m3u-b\"><ul class=\"x-row e138-e4 m3u-2 m3u-4 m3u-7 m3u-8\"><div class=\"x-row-inner\"><li class=\"x-col e138-e5 m3u-b m3u-c\"><figure class=\"x-div e138-e6 m3u-d m3u-e\"><i class=\"x-icon e138-e7 m3u-g\" aria-hidden=\"true\" data-x-icon-o=\"&#xf00c;\"><\/i><\/figure><\/li><\/div><\/ul><\/div><\/div><\/div><div class=\"x-row x-container max width e138-e8 m3u-2 m3u-3 m3u-5 m3u-9\"><div class=\"x-row-inner\"><div class=\"x-col e138-e9 m3u-b\"><div class=\"x-text x-content e138-e10 m3u-h m3u-i\">30\/05\/2026<\/div><ul class=\"x-row e138-e11 m3u-2 m3u-4 m3u-7 m3u-a\"><div class=\"x-row-inner\"><li class=\"x-col e138-e12 m3u-b m3u-c\"><figure class=\"x-div e138-e13 m3u-d m3u-e\"><i class=\"x-icon e138-e14 m3u-g\" aria-hidden=\"true\" data-x-icon-o=\"&#xf00c;\"><\/i><\/figure><div class=\"x-div e138-e15 m3u-e m3u-f m3u-1 x-effect-exit\" data-x-effect=\"{&quot;scroll&quot;:true,&quot;offsetTop&quot;:&quot;10%&quot;,&quot;offsetBottom&quot;:&quot;15%&quot;,&quot;behaviorScroll&quot;:&quot;fire-once&quot;}\"><div class=\"x-text x-content e138-e16 m3u-h m3u-j\"><p>10.00 &ndash; 11.45 &ndash; <strong>Otwarcie miasteczka zawod&oacute;w. Rejestracja uczestnik&oacute;w, odbi&oacute;r pakiet&oacute;w startowych.<\/strong><\/p><\/div><\/div><\/li><li class=\"x-col e138-e17 m3u-b m3u-c\"><figure class=\"x-div e138-e18 m3u-d m3u-e\"><i class=\"x-icon e138-e19 m3u-g\" aria-hidden=\"true\" data-x-icon-o=\"&#xf00c;\"><\/i><\/figure><div class=\"x-div e138-e20 m3u-e m3u-f m3u-1 x-effect-exit\" data-x-effect=\"{&quot;scroll&quot;:true,&quot;offsetTop&quot;:&quot;10%&quot;,&quot;offsetBottom&quot;:&quot;15%&quot;,&quot;behaviorScroll&quot;:&quot;fire-once&quot;}\"><div class=\"x-text x-content e138-e21 m3u-h m3u-j\"><p><strong>11:50 &ndash; Powitanie uczestnik&oacute;w przez W&oacute;jta Gminy Krzywda.<\/strong><\/p><\/div><\/div><\/li><li class=\"x-col e138-e22 m3u-b m3u-c\"><figure class=\"x-div e138-e23 m3u-d m3u-e\"><i class=\"x-icon e138-e24 m3u-g\" aria-hidden=\"true\" data-x-icon-o=\"&#xf00c;\"><\/i><\/figure><div class=\"x-div e138-e25 m3u-e m3u-f m3u-1 x-effect-exit\" data-x-effect=\"{&quot;scroll&quot;:true,&quot;offsetTop&quot;:&quot;10%&quot;,&quot;offsetBottom&quot;:&quot;15%&quot;,&quot;behaviorScroll&quot;:&quot;fire-once&quot;}\"><div class=\"x-text x-content e138-e26 m3u-h m3u-j\"><p><strong>12.00 &ndash; Start KMICIC 92 km &ndash; kolarz&oacute;wka m\u0119\u017cczy\u017ani<\/strong><\/p><\/div><\/div><\/li><li class=\"x-col e138-e27 m3u-b m3u-c\"><figure class=\"x-div e138-e28 m3u-d m3u-e\"><i class=\"x-icon e138-e29 m3u-g\" aria-hidden=\"true\" data-x-icon-o=\"&#xf00c;\"><\/i><\/figure><div class=\"x-div e138-e30 m3u-e m3u-f m3u-1 x-effect-exit\" data-x-effect=\"{&quot;scroll&quot;:true,&quot;offsetTop&quot;:&quot;10%&quot;,&quot;offsetBottom&quot;:&quot;15%&quot;,&quot;behaviorScroll&quot;:&quot;fire-once&quot;}\"><div class=\"x-text x-content e138-e31 m3u-h m3u-j\"><p><strong>12.05 &ndash; Start ZAG\u0141OBA 46 km &ndash; kolarz&oacute;wka m\u0119\u017cczy\u017ani<\/strong><\/p><\/div><\/div><\/li><li class=\"x-col e138-e32 m3u-b m3u-c\"><figure class=\"x-div e138-e33 m3u-d m3u-e\"><i class=\"x-icon e138-e34 m3u-g\" aria-hidden=\"true\" data-x-icon-o=\"&#xf00c;\"><\/i><\/figure><div class=\"x-div e138-e35 m3u-e m3u-f m3u-1 x-effect-exit\" data-x-effect=\"{&quot;scroll&quot;:true,&quot;offsetTop&quot;:&quot;10%&quot;,&quot;offsetBottom&quot;:&quot;15%&quot;,&quot;behaviorScroll&quot;:&quot;fire-once&quot;}\"><div class=\"x-text x-content e138-e36 m3u-h m3u-j\"><p><strong>12.06 &ndash; Start ZAG\u0141OBA 46 km - rower inny kobiety, m\u0119\u017cczy\u017ani<\/strong><\/p><\/div><\/div><\/li><li class=\"x-col e138-e37 m3u-b m3u-c\"><figure class=\"x-div e138-e38 m3u-d m3u-e\"><i class=\"x-icon e138-e39 m3u-g\" aria-hidden=\"true\" data-x-icon-o=\"&#xf00c;\"><\/i><\/figure><div class=\"x-div e138-e40 m3u-e m3u-f m3u-1 x-effect-exit\" data-x-effect=\"{&quot;scroll&quot;:true,&quot;offsetTop&quot;:&quot;10%&quot;,&quot;offsetBottom&quot;:&quot;15%&quot;,&quot;behaviorScroll&quot;:&quot;fire-once&quot;}\"><div class=\"x-text x-content e138-e41 m3u-h m3u-j\"><strong>12.10 \u2013 <\/strong><strong>Start JAGIENKA 46 km kolarz\u00f3wka kobiety<\/strong><\/div><\/div><\/li><li class=\"x-col e138-e42 m3u-b m3u-c\"><figure class=\"x-div e138-e43 m3u-d m3u-e\"><i class=\"x-icon e138-e44 m3u-g\" aria-hidden=\"true\" data-x-icon-o=\"&#xf00c;\"><\/i><\/figure><div class=\"x-div e138-e45 m3u-e m3u-f m3u-1 x-effect-exit\" data-x-effect=\"{&quot;scroll&quot;:true,&quot;offsetTop&quot;:&quot;10%&quot;,&quot;offsetBottom&quot;:&quot;15%&quot;,&quot;behaviorScroll&quot;:&quot;fire-once&quot;}\"><div class=\"x-text x-content e138-e46 m3u-h m3u-j\"><p><strong>15.45 &ndash; Zamkni\u0119cie trasy<\/strong><\/p><\/div><\/div><\/li><li class=\"x-col e138-e47 m3u-b m3u-c\"><figure class=\"x-div e138-e48 m3u-d m3u-e\"><i class=\"x-icon e138-e49 m3u-g\" aria-hidden=\"true\" data-x-icon-o=\"&#xf00c;\"><\/i><\/figure><div class=\"x-div e138-e50 m3u-e m3u-f m3u-1 x-effect-exit\" data-x-effect=\"{&quot;scroll&quot;:true,&quot;offsetTop&quot;:&quot;10%&quot;,&quot;offsetBottom&quot;:&quot;15%&quot;,&quot;behaviorScroll&quot;:&quot;fire-once&quot;}\"><div class=\"x-text x-content e138-e51 m3u-h m3u-j\"><p><strong>16.00 &ndash; Dekoracje zwyci\u0119zc&oacute;w we wszystkich kategoriach<\/strong><\/p><\/div><\/div><\/li><li class=\"x-col e138-e52 m3u-b m3u-c\"><figure class=\"x-div e138-e53 m3u-d m3u-e\"><i class=\"x-icon e138-e54 m3u-g\" aria-hidden=\"true\" data-x-icon-o=\"&#xf00c;\"><\/i><\/figure><div class=\"x-div e138-e55 m3u-e m3u-f m3u-1 x-effect-exit\" data-x-effect=\"{&quot;scroll&quot;:true,&quot;offsetTop&quot;:&quot;10%&quot;,&quot;offsetBottom&quot;:&quot;15%&quot;,&quot;behaviorScroll&quot;:&quot;fire-once&quot;}\"><div class=\"x-text x-content e138-e56 m3u-h m3u-j\"><p><strong>17.00 &ndash; Zako\u0144czenie imprezy<\/strong><\/p><\/div><\/div><\/li><\/div><\/ul><\/div><\/div><\/div><\/div><\/div>\n","protected":false},"excerpt":{"rendered":"<p>30\/05\/202610.00 &ndash; 11.45 &ndash; Otwarcie miasteczka zawod&oacute;w. Rejestracja uczestnik&oacute;w, odbi&oacute;r pakiet&oacute;w startowych.11:50 &ndash; Powitanie uczestnik&oacute;w przez W&oacute;jta Gminy Krzywda.12.00 &ndash; Start KMICIC 92 km &ndash; kolarz&oacute;wka m\u0119\u017cczy\u017ani12.05 &ndash; Start ZAG\u0141OBA 46 km &ndash; kolarz&oacute;wka m\u0119\u017cczy\u017ani12.06 &ndash; Start ZAG\u0141OBA 46 km &#8211; rower inny kobiety, m\u0119\u017cczy\u017ani12.10 \u2013 Start JAGIENKA 46 km kolarz\u00f3wka kobiety15.45 &ndash; Zamkni\u0119cie trasy16.00 &ndash; Dekoracje zwyci\u0119zc&oacute;w we wszystkich &#8230;<\/p>\n","protected":false},"author":1,"featured_media":0,"parent":0,"menu_order":0,"comment_status":"closed","ping_status":"closed","template":"template-blank-4.php","meta":{"_acf_changed":false,"footnotes":""},"class_list":["post-138","page","type-page","status-publish","hentry","no-post-thumbnail"],"acf":[],"_links":{"self":[{"href":"https:\/\/biegkolarski.pl\/index.php\/wp-json\/wp\/v2\/pages\/138","targetHints":{"allow":["GET"]}}],"collection":[{"href":"https:\/\/biegkolarski.pl\/index.php\/wp-json\/wp\/v2\/pages"}],"about":[{"href":"https:\/\/biegkolarski.pl\/index.php\/wp-json\/wp\/v2\/types\/page"}],"author":[{"embeddable":true,"href":"https:\/\/biegkolarski.pl\/index.php\/wp-json\/wp\/v2\/users\/1"}],"replies":[{"embeddable":true,"href":"https:\/\/biegkolarski.pl\/index.php\/wp-json\/wp\/v2\/comments?post=138"}],"version-history":[{"count":17,"href":"https:\/\/biegkolarski.pl\/index.php\/wp-json\/wp\/v2\/pages\/138\/revisions"}],"predecessor-version":[{"id":862,"href":"https:\/\/biegkolarski.pl\/index.php\/wp-json\/wp\/v2\/pages\/138\/revisions\/862"}],"wp:attachment":[{"href":"https:\/\/biegkolarski.pl\/index.php\/wp-json\/wp\/v2\/media?parent=138"}],"curies":[{"name":"wp","href":"https:\/\/api.w.org\/{rel}","templated":true}]}}